{"id":5032,"date":"2023-10-09T19:09:01","date_gmt":"2023-10-09T17:09:01","guid":{"rendered":"https:\/\/itsall-energyutility.com\/?page_id=5032"},"modified":"2023-10-10T16:45:45","modified_gmt":"2023-10-10T14:45:45","slug":"intervista-federzoni-webfleet","status":"publish","type":"page","link":"https:\/\/itsall-energyutility.com\/index.php\/intervista-federzoni-webfleet\/","title":{"rendered":"Intervista"},"content":{"rendered":"<p>[vc_row css=&#8221;.vc_custom_1696871663221{padding-top: 20px !important;}&#8221;][vc_column width=&#8221;5\/6&#8243;][vc_single_image image=&#8221;5013&#8243; img_size=&#8221;full&#8221; style=&#8221;vc_box_border_circle_2&#8243;][vc_column_text]<strong>Marco Federzoni<\/strong> Sales Director Italy and South Region <strong>BRIDGESTONE MOBILITY SOLUTIONS<\/strong>[\/vc_column_text][\/vc_column][vc_column width=&#8221;1\/6&#8243;][vc_single_image image=&#8221;5037&#8243;][\/vc_column][\/vc_row][vc_row][vc_column][vc_column_text]<\/p>\n<h2><span style=\"color: #333333;\"><strong>TELEMATICA: qual \u00e8 il nesso con It\u2019s all Energy &amp; Utility?<\/strong><\/span><\/h2>\n<p>Bridgestone Mobility Solutions non si occupa solo di telematica, ma come si evince dal nome stesso dell\u2019azienda, di mobilit\u00e0 a tutto tondo e lo fa con un particolare sguardo alle tecnologie innovative e alla sostenibilit\u00e0. Grazie, infatti, alla piattaforma dedicata \u201cWebfleet\u201d i nostri clienti sono in grado di programmare al meglio i percorsi dei loro veicoli che sono asset aziendali, riducendo in maniera significativa i consumi di carburante (nel caso di veicoli elettrici consente un\u2019ottimizzazione di percorso e batteria \u2013 abbiamo appena battuto il record per la massima distanza percorsa da un VAN elettrico con una singola carica).<\/p>\n<p>Non ci limitiamo a questo, infatti siamo molto fieri anche della nostra spiccata propensione alla sicurezza del veicolo e soprattutto di chi \u00e8 all\u2019interno del veicolo. Grazie alle nostre soluzioni di video telematica avanzata mettiamo il conducente nella condizione di viaggiare sempre in sicurezza. Il termine \u201cavanzata\u201d dopo video telematica indica la presenza di un Software di Intelligenza Artificiale che \u00e8 in grado di percepire atteggiamenti potenzialmente pericolosi (distrazione, occhi chiusi, uso del cellulare) ed evidenziarli tramite segnali acustici al driver prima che sia troppo tardi.\u00a0 Questo stesso strumento pu\u00f2 essere collegato ad altre telecamere esterne per assicurare anche un elevato grado di sicurezza sugli \u201cangoli morti\u201d.<\/p>\n<p>&nbsp;<\/p>\n<h2><span style=\"color: #333333;\"><strong>Ma se non fate solo telematica di cosa vi occupate?<\/strong><\/span><\/h2>\n<p>La nostra piattaforma di mobilit\u00e0 offre un panorama completo sui dati riguardanti i veicoli della\u00a0 flotta, partendo dai chilometri percorsi, passando per la temperatura del carico in tempo reale in piattaforma e certificata per il vostro cliente, fino ad avere sia a bordo che in piattaforma un sistema di controllo della pressione dei pneumatici che permette al driver di guidare in sicurezza anche in caso di foratura poich\u00e9 fornisce una stima accurata del percorso che il mezzo pu\u00f2 fare per raggiungere, ad esempio, il gommista pi\u00f9 vicino in grado di riparare lo pneumatico.<\/p>\n<p>Le aziende oggi sono inevitabilmente legate ai dati e il nostro impegno \u00e8 quello di fornire una piattaforma affidabile e certificata che permetta ai vari stakeholder in azienda (fleet manager, HR, Finance, Drivers) di utilizzare queste informazioni al fine di prendere decisioni basate su dati certi e aggiornati in tempo reale per aumentare la sicurezza dei dipendenti, ottimizzare gli investimenti e ridurre i costi.<\/p>\n<p>Tutti questi dati e la loro interpretazione offerta dalla piattaforma Webfleet rappresentano una ricchezza non banale per le aziende. Tuttavia, proprio come accade per tutto ci\u00f2 che \u00e8 prezioso, \u00e8 importante custodire queste informazioni in maniera adeguata, utilizzando strumenti e procedure in grado di garantirne la gestione, lo stoccaggio e l\u2019eventuale cancellazione da parte degli aventi diritto. In un\u2019epoca nella quale la cybersecurity \u00e8 diventata un argomento centrale per le decisioni delle aziende in materia di protezione dei dati, \u00e8 fondamentale che piattaforme telematiche come Webfleet siano in grado di assicurare la massima sicurezza sia ai proprietari dei dati che ai soggetti cui quei dati si riferiscono.<\/p>\n<p>\u00c8 per questo che la piattaforma Webfleet si pu\u00f2 definire particolarmente idonea per le aziende in quanto pu\u00f2 vantare una conformit\u00e0 allo standard ISO\/IEC 27001:2013. Quest\u2019ultimo rappresenta il pi\u00f9 elevato certificato di sicurezza delle informazioni a livello internazionale, che soddisfa anche quanto previsto dal Regolamento generale sulla protezione dei dati (GDPR) UE, ossia la pi\u00f9 importante evoluzione della regolamentazione della protezione dei dati a livello europeo avvenuta negli ultimi 20 anni.<\/p>\n<p>Come si evince da quanto appena detto, emerge chiaramente che il nostro obiettivo \u00e8 da sempre quello di gestire i dati in totale trasparenza e garantendo la massima sicurezza degli utilizzatori, fornendo tutte le garanzie di tutela del dato a chi gestisce la piattaforma.\u00a0Per questo motivo Webfleet e la sua infrastruttura, rispondendo pienamente ai bisogni dei clienti e alla loro necessit\u00e0 di tutela della privacy dei dati, rappresentano una scelta ideale per la gestione telematica delle flotte sicura e affidabile.[\/vc_column_text][\/vc_column][\/vc_row]<\/p>\n","protected":false},"excerpt":{"rendered":"<p>[vc_row css=&#8221;.vc_custom_1696871663221{padding-top: 20px !important;}&#8221;][vc_column width=&#8221;5\/6&#8243;][vc_single_image image=&#8221;5013&#8243; img_size=&#8221;full&#8221; style=&#8221;vc_box_border_circle_2&#8243;][vc_column_text]Marco Federzoni Sales Director Italy and South Region BRIDGESTONE MOBILITY SOLUTIONS[\/vc_column_text][\/vc_column][vc_column width=&#8221;1\/6&#8243;][vc_single_image image=&#8221;5037&#8243;][\/vc_column][\/vc_row][vc_row][vc_column][vc_column_text] TELEMATICA: qual \u00e8 il nesso con It\u2019s all Energy &amp; Utility? Bridgestone Mobility Solutions non si occupa solo di telematica, ma come si evince dal nome stesso dell\u2019azienda, di mobilit\u00e0 a tutto tondo e lo [&hellip;]<\/p>\n","protected":false},"author":2,"featured_media":0,"parent":0,"menu_order":0,"comment_status":"closed","ping_status":"closed","template":"","meta":{"footnotes":""},"class_list":["post-5032","page","type-page","status-publish","hentry"],"_links":{"self":[{"href":"https:\/\/itsall-energyutility.com\/index.php\/wp-json\/wp\/v2\/pages\/5032","targetHints":{"allow":["GET"]}}],"collection":[{"href":"https:\/\/itsall-energyutility.com\/index.php\/wp-json\/wp\/v2\/pages"}],"about":[{"href":"https:\/\/itsall-energyutility.com\/index.php\/wp-json\/wp\/v2\/types\/page"}],"author":[{"embeddable":true,"href":"https:\/\/itsall-energyutility.com\/index.php\/wp-json\/wp\/v2\/users\/2"}],"replies":[{"embeddable":true,"href":"https:\/\/itsall-energyutility.com\/index.php\/wp-json\/wp\/v2\/comments?post=5032"}],"version-history":[{"count":4,"href":"https:\/\/itsall-energyutility.com\/index.php\/wp-json\/wp\/v2\/pages\/5032\/revisions"}],"predecessor-version":[{"id":5040,"href":"https:\/\/itsall-energyutility.com\/index.php\/wp-json\/wp\/v2\/pages\/5032\/revisions\/5040"}],"wp:attachment":[{"href":"https:\/\/itsall-energyutility.com\/index.php\/wp-json\/wp\/v2\/media?parent=5032"}],"curies":[{"name":"wp","href":"https:\/\/api.w.org\/{rel}","templated":true}]}}