{"id":4711,"date":"2022-09-23T18:42:28","date_gmt":"2022-09-23T16:42:28","guid":{"rendered":"http:\/\/itsall-energyutility.com\/?page_id=4711"},"modified":"2022-09-23T18:44:18","modified_gmt":"2022-09-23T16:44:18","slug":"intervista-trifiletti-boomi","status":"publish","type":"page","link":"https:\/\/itsall-energyutility.com\/index.php\/intervista-trifiletti-boomi\/","title":{"rendered":"intervista Trifiletti BOOMI"},"content":{"rendered":"<p><strong><img loading=\"lazy\" decoding=\"async\" class=\"size-full wp-image-4709 alignleft\" src=\"http:\/\/itsall-energyutility.com\/wp-content\/uploads\/2022\/09\/TRIFILETTI-GIANLUCA-BOOMI.jpg\" alt=\"\" width=\"200\" height=\"200\" srcset=\"https:\/\/itsall-energyutility.com\/wp-content\/uploads\/2022\/09\/TRIFILETTI-GIANLUCA-BOOMI.jpg 200w, https:\/\/itsall-energyutility.com\/wp-content\/uploads\/2022\/09\/TRIFILETTI-GIANLUCA-BOOMI-150x150.jpg 150w\" sizes=\"auto, (max-width: 200px) 100vw, 200px\" \/><\/strong><\/p>\n<p>&nbsp;<\/p>\n<p>&nbsp;<\/p>\n<h1><span style=\"color: #00ccff;\"><strong>Intervista<\/strong><\/span><\/h1>\n<p><strong>Gianluca Trifiletti <\/strong>Enterprise Account Executive <strong>BOOMI<\/strong><\/p>\n<p>&nbsp;<\/p>\n<p>&nbsp;<\/p>\n<h2><span style=\"color: #00ccff;\">Quali sono le caratteristiche dell\u2019offerta di Boomi per il mercato Energy e Utility?<\/span><\/h2>\n<p>In questo particolare momento, il mercato Energy e Utility presenta senza dubbio nuove sfide e nuove opportunit\u00e0 e per molti fornitori di energia e utenze l&#8217;integrazione tradizionale non basta pi\u00f9. Boomi fornisce alle aziende del settore energetico gli strumenti utili per collegare facilmente dati e applicazioni in modo da muoversi pi\u00f9 velocemente e agilmente nel momento in cui vengono integrate nuove applicazioni cloud, per big data e mobili.<br \/>\nL&#8217;Integration Platform as a Service (iPaaS) di Boomi \u00e8 considerata affidabile da clienti in tutto il mondo per la velocit\u00e0, la facilit\u00e0 d&#8217;uso e per la riduzione dei costi di gestione. Come pioniere nel promuovere un uso intelligente dei dati, la visione di Boomi consiste nel rendere pi\u00f9 rapido e semplice per i clienti e i partner scoprire, gestire e orchestrare i dati, connettendo applicazioni, processi e persone per ottenere risultati migliori e pi\u00f9 rapidi.<br \/>\nIn particolare, la Piattaforma Boomi AtomSphere fornisce un insieme di capacit\u00e0 di gestione dei dati e integrazione leader di mercato, tra cui:<br \/>\n\u2022 Integrazione: Boomi AtomSphere offre la scalabilit\u00e0 per soddisfare esigenze di alto volume in ambienti batch (ETL) e mobili in tempo reale, oltre che in ambienti di altro tipo.<br \/>\n\u2022 API Management: crea, pubblica e gestisci in modo centralizzato API e web service, estendendo l&#8217;accesso a un numero crescente di applicazioni.<br \/>\n\u2022 Master Data Management: Boomi Master Data Hub fornisce un hub centralizzato tra applicazioni per garantire la sincronizzazione, la precisione e l&#8217;aggiornamento dei dati.<br \/>\n\u2022 EDI Management: scambia agevolmente i dati transazionali con i tuoi partner della supply chain.<br \/>\n\u2022 Automazione dei flussi di lavoro low-code: garantisci un coinvolgimento degli utenti affidabile, ovunque.<br \/>\n\u2022 Catalogazione e preparazione dei dati: elimina l&#8217;ostacolo dei silos di dati operativi e rendi le informazioni pi\u00f9 accessibili nell&#8217;azienda.<\/p>\n<p>&nbsp;<\/p>\n<h2><span style=\"color: #00ccff;\">Quali i vantaggi delle soluzioni Boomi per i clienti?<\/span><\/h2>\n<p>La Piattaforma Boomi AtomSphere nativa per il cloud offre un ambiente solido, altamente efficiente e dall&#8217;integrazione flessibile che risponde alle sfide chiave del mercato come la diversificazione, le previsioni della domanda, l&#8217;analisi della redditivit\u00e0 e la conformit\u00e0 alle normative. In particolare, Boomi consente di promuovere l\u2019efficienza operativa, riducendo al minimo i ritardi eliminando i silos di dati e creando flussi di lavoro perfetti nell&#8217;azienda estesa per allineare le diverse entit\u00e0 interessate, dai vertici ai team operativi e di assistenza, nonch\u00e9 ai partner esterni. Inoltre, catalizza la modernizzazione IT, trasformando il business per cogliere le sfide e le opportunit\u00e0 emergenti e accelera il passaggio a piattaforme e applicazioni cloud, svincolando i dati mission critical da sistemi legacy on-premise.<\/p>\n<p>Permette di adattarsi con rapidit\u00e0 ai cambiamenti, assicurando l&#8217;accessibilit\u00e0 ai dati cross-enterprise, accelerando la capacit\u00e0 di risposta ai cambiamenti di offerta e domanda, normative, risorse fisiche e ambito fiscale, nonch\u00e9 ai fattori geopolitici in evoluzione o a una fusione aziendale.<\/p>\n<p>Permette di aumentare la soddisfazione del cliente, fornendo assistenza e supporto di livello superiore con una visione a 360 gradi sui clienti grazie a dati puliti, coerenti e convalidati provenienti da vari canali. Infine, sfrutta i sistemi IoT basati su sensori facilitando il trasferimento di dati automatici da sistemi di produzione sul campo, reti di distribuzione e altri dispositivi connessi per l&#8217;integrazione con sistemi operativi e analitici.<\/p>\n<p>Vantaggi che sono testimoniati anche dalle numerose referenze in questo mercato, come Engie, la multinazionale francese che opera nei settori della produzione e distribuzione di gas naturale, energie rinnovabili e servizi. che ha scelto Boomi per l\u2019integrazione di applicazioni legacy e in cloud incrementando l\u2019agilit\u00e0 in un mercato in rapida evoluzione, o WWZ, utility svizzera che ha ridotto ad un decimo i tempi d\u2019estrazione dei dati SAP ERP per creare una linea di servizi innovativa e fornire un portale self-service efficiente ai clienti, o ancora Scottish Water, societ\u00e0 che fornisce servizi idrici in tutta la Scozia, che, grazie a Boomi, ha modernizzato i propri sistemi IT e integrato i dati per servire i suoi 2,6 milioni di partner e clienti.<\/p>\n","protected":false},"excerpt":{"rendered":"<p>&nbsp; &nbsp; Intervista Gianluca Trifiletti Enterprise Account Executive BOOMI &nbsp; &nbsp; Quali sono le caratteristiche dell\u2019offerta di Boomi per il mercato Energy e Utility? In questo particolare momento, il mercato Energy e Utility presenta senza dubbio nuove sfide e nuove opportunit\u00e0 e per molti fornitori di energia e utenze l&#8217;integrazione tradizionale non basta pi\u00f9. Boomi [&hellip;]<\/p>\n","protected":false},"author":2,"featured_media":0,"parent":0,"menu_order":0,"comment_status":"closed","ping_status":"closed","template":"","meta":{"footnotes":""},"class_list":["post-4711","page","type-page","status-publish","hentry"],"_links":{"self":[{"href":"https:\/\/itsall-energyutility.com\/index.php\/wp-json\/wp\/v2\/pages\/4711","targetHints":{"allow":["GET"]}}],"collection":[{"href":"https:\/\/itsall-energyutility.com\/index.php\/wp-json\/wp\/v2\/pages"}],"about":[{"href":"https:\/\/itsall-energyutility.com\/index.php\/wp-json\/wp\/v2\/types\/page"}],"author":[{"embeddable":true,"href":"https:\/\/itsall-energyutility.com\/index.php\/wp-json\/wp\/v2\/users\/2"}],"replies":[{"embeddable":true,"href":"https:\/\/itsall-energyutility.com\/index.php\/wp-json\/wp\/v2\/comments?post=4711"}],"version-history":[{"count":3,"href":"https:\/\/itsall-energyutility.com\/index.php\/wp-json\/wp\/v2\/pages\/4711\/revisions"}],"predecessor-version":[{"id":4715,"href":"https:\/\/itsall-energyutility.com\/index.php\/wp-json\/wp\/v2\/pages\/4711\/revisions\/4715"}],"wp:attachment":[{"href":"https:\/\/itsall-energyutility.com\/index.php\/wp-json\/wp\/v2\/media?parent=4711"}],"curies":[{"name":"wp","href":"https:\/\/api.w.org\/{rel}","templated":true}]}}